{"id":2,"date":"2019-07-23T12:33:21","date_gmt":"2019-07-23T10:33:21","guid":{"rendered":"http:\/\/grelli.ch\/?page_id=2"},"modified":"2024-10-03T12:07:43","modified_gmt":"2024-10-03T10:07:43","slug":"achtsame-interessierte-zuhorerin-vollste-aufmerksamkeit-im-hier-und-jetzt","status":"publish","type":"page","link":"https:\/\/grelli.ch\/index.php\/achtsame-interessierte-zuhorerin-vollste-aufmerksamkeit-im-hier-und-jetzt\/","title":{"rendered":"\u00dcber mich"},"content":{"rendered":"\n<figure class=\"wp-block-image is-resized is-style-default\"><img loading=\"lazy\" decoding=\"async\" width=\"665\" height=\"1182\" src=\"https:\/\/grelli.ch\/wp-content\/uploads\/2024\/06\/1176A981-3CC8-4470-8FAE-E6F9A69F8DF7_1_105_c.jpeg\" alt=\"\" class=\"wp-image-1163\" style=\"width:304px;height:auto\" srcset=\"https:\/\/grelli.ch\/wp-content\/uploads\/2024\/06\/1176A981-3CC8-4470-8FAE-E6F9A69F8DF7_1_105_c.jpeg 665w, https:\/\/grelli.ch\/wp-content\/uploads\/2024\/06\/1176A981-3CC8-4470-8FAE-E6F9A69F8DF7_1_105_c-169x300.jpeg 169w, https:\/\/grelli.ch\/wp-content\/uploads\/2024\/06\/1176A981-3CC8-4470-8FAE-E6F9A69F8DF7_1_105_c-576x1024.jpeg 576w\" sizes=\"auto, (max-width: 665px) 100vw, 665px\" \/><\/figure>\n\n\n\n<p>Seit immer schon, bin ich tief ber\u00fchrt von einem Sonnenuntergang, von einer sternenklaren Nacht, von klirrend kalten Wintertagen, von magischen Nebelschwaden, von Musik, von anderen Menschen. Ich weine oft deswegen, weil dieses \u201eber\u00fchrt sein\u201c irgendwie keinen Platz in mir drin hat und es in Form von Tr\u00e4nen aus mir raus fliesst.<\/p>\n\n\n\n<p>Ich bin sehr pr\u00e4sent, wenn ich mit Jemandem im Gespr\u00e4ch bin und habe wohl ein Erinnerungsverm\u00f6gen \u00e4hnlich dem, was man den Elefanten nachsagt. \u00dcbrigens ein Tier das mir von Kindheit an schon ans Herz gewachsen ist. Katzen kommen auf mich zu, auch wenn ihre Menschen es manchmal kaum f\u00fcr m\u00f6glich halten, weil ihre Katze doch sonst so scheu ist.<br>Den Regen und den Schnee kann ich im voraus schon riechen. Ich spreche mit der Spinne in meiner Wohnung und nat\u00fcrlich auch mit meinen Zimmer-Pflanzen. Diese melden sich bei mir, wenn es Zeit f\u00fcrs Giessen ist.<br>Ich befasse mich mit Naturspiritualit\u00e4t, dem Jahreskreis, mit Ritualen, mit Tarot- und Orakelkarten und vielem mehr.<\/p>\n","protected":false},"excerpt":{"rendered":"<p>Seit immer schon, bin ich tief ber\u00fchrt von einem Sonnenuntergang, von einer sternenklaren Nacht, von klirrend kalten Wintertagen, von magischen Nebelschwaden, von Musik, von anderen Menschen. Ich weine oft deswegen, weil dieses \u201eber\u00fchrt sein\u201c irgendwie keinen Platz in mir drin hat und es in Form von Tr\u00e4nen aus mir raus fliesst. Ich bin sehr pr\u00e4sent, &hellip; <\/p>\n<p class=\"link-more\"><a href=\"https:\/\/grelli.ch\/index.php\/achtsame-interessierte-zuhorerin-vollste-aufmerksamkeit-im-hier-und-jetzt\/\" class=\"more-link\"><span class=\"screen-reader-text\">\u201e\u00dcber mich\u201c <\/span>weiterlesen<\/a><\/p>\n","protected":false},"author":1,"featured_media":0,"parent":0,"menu_order":0,"comment_status":"closed","ping_status":"open","template":"","meta":{"footnotes":""},"class_list":["post-2","page","type-page","status-publish","hentry"],"yoast_head":"<!-- This site is optimized with the Yoast SEO plugin v27.4 - https:\/\/yoast.com\/product\/yoast-seo-wordpress\/ -->\n<title>\u00dcber mich - Eleonora Grelli - Mein spannender Weg zur Naturheilpraktikerin<\/title>\n<meta name=\"description\" content=\"Mein spannendenr Weg zur Naturheilpraktikerin in der Fachrichtung Traditionelle Europ\u00e4ische Naturheilkunde\" \/>\n<meta name=\"robots\" content=\"index, follow, max-snippet:-1, max-image-preview:large, max-video-preview:-1\" \/>\n<link rel=\"canonical\" href=\"https:\/\/grelli.ch\/index.php\/achtsame-interessierte-zuhorerin-vollste-aufmerksamkeit-im-hier-und-jetzt\/\" \/>\n<meta property=\"og:locale\" content=\"de_DE\" \/>\n<meta property=\"og:type\" content=\"article\" \/>\n<meta property=\"og:title\" content=\"\u00dcber mich - Eleonora Grelli - Mein spannender Weg zur Naturheilpraktikerin\" \/>\n<meta property=\"og:description\" content=\"Mein spannendenr Weg zur Naturheilpraktikerin in der Fachrichtung Traditionelle Europ\u00e4ische Naturheilkunde\" \/>\n<meta property=\"og:url\" content=\"https:\/\/grelli.ch\/index.php\/achtsame-interessierte-zuhorerin-vollste-aufmerksamkeit-im-hier-und-jetzt\/\" \/>\n<meta property=\"og:site_name\" content=\"Eleonora Grelli\" \/>\n<meta property=\"article:publisher\" content=\"https:\/\/www.facebook.com\/grelli.ch\" \/>\n<meta property=\"article:modified_time\" content=\"2024-10-03T10:07:43+00:00\" \/>\n<meta property=\"og:image\" content=\"https:\/\/grelli.ch\/wp-content\/uploads\/2024\/06\/1176A981-3CC8-4470-8FAE-E6F9A69F8DF7_1_105_c.jpeg\" \/>\n<meta name=\"twitter:label1\" content=\"Gesch\u00e4tzte Lesezeit\" \/>\n\t<meta name=\"twitter:data1\" content=\"1\u00a0Minute\" \/>\n<script type=\"application\/ld+json\" class=\"yoast-schema-graph\">{\"@context\":\"https:\\\/\\\/schema.org\",\"@graph\":[{\"@type\":\"WebPage\",\"@id\":\"https:\\\/\\\/grelli.ch\\\/index.php\\\/achtsame-interessierte-zuhorerin-vollste-aufmerksamkeit-im-hier-und-jetzt\\\/\",\"url\":\"https:\\\/\\\/grelli.ch\\\/index.php\\\/achtsame-interessierte-zuhorerin-vollste-aufmerksamkeit-im-hier-und-jetzt\\\/\",\"name\":\"\u00dcber mich - Eleonora Grelli - Mein spannender Weg zur Naturheilpraktikerin\",\"isPartOf\":{\"@id\":\"https:\\\/\\\/grelli.ch\\\/#website\"},\"primaryImageOfPage\":{\"@id\":\"https:\\\/\\\/grelli.ch\\\/index.php\\\/achtsame-interessierte-zuhorerin-vollste-aufmerksamkeit-im-hier-und-jetzt\\\/#primaryimage\"},\"image\":{\"@id\":\"https:\\\/\\\/grelli.ch\\\/index.php\\\/achtsame-interessierte-zuhorerin-vollste-aufmerksamkeit-im-hier-und-jetzt\\\/#primaryimage\"},\"thumbnailUrl\":\"https:\\\/\\\/grelli.ch\\\/wp-content\\\/uploads\\\/2024\\\/06\\\/1176A981-3CC8-4470-8FAE-E6F9A69F8DF7_1_105_c.jpeg\",\"datePublished\":\"2019-07-23T10:33:21+00:00\",\"dateModified\":\"2024-10-03T10:07:43+00:00\",\"description\":\"Mein spannendenr Weg zur Naturheilpraktikerin in der Fachrichtung Traditionelle Europ\u00e4ische Naturheilkunde\",\"breadcrumb\":{\"@id\":\"https:\\\/\\\/grelli.ch\\\/index.php\\\/achtsame-interessierte-zuhorerin-vollste-aufmerksamkeit-im-hier-und-jetzt\\\/#breadcrumb\"},\"inLanguage\":\"de\",\"potentialAction\":[{\"@type\":\"ReadAction\",\"target\":[\"https:\\\/\\\/grelli.ch\\\/index.php\\\/achtsame-interessierte-zuhorerin-vollste-aufmerksamkeit-im-hier-und-jetzt\\\/\"]}]},{\"@type\":\"ImageObject\",\"inLanguage\":\"de\",\"@id\":\"https:\\\/\\\/grelli.ch\\\/index.php\\\/achtsame-interessierte-zuhorerin-vollste-aufmerksamkeit-im-hier-und-jetzt\\\/#primaryimage\",\"url\":\"https:\\\/\\\/grelli.ch\\\/wp-content\\\/uploads\\\/2024\\\/06\\\/1176A981-3CC8-4470-8FAE-E6F9A69F8DF7_1_105_c.jpeg\",\"contentUrl\":\"https:\\\/\\\/grelli.ch\\\/wp-content\\\/uploads\\\/2024\\\/06\\\/1176A981-3CC8-4470-8FAE-E6F9A69F8DF7_1_105_c.jpeg\",\"width\":665,\"height\":1182,\"caption\":\"{\\\"data\\\":{\\\"product\\\":\\\"tiktok\\\"}}\"},{\"@type\":\"BreadcrumbList\",\"@id\":\"https:\\\/\\\/grelli.ch\\\/index.php\\\/achtsame-interessierte-zuhorerin-vollste-aufmerksamkeit-im-hier-und-jetzt\\\/#breadcrumb\",\"itemListElement\":[{\"@type\":\"ListItem\",\"position\":1,\"name\":\"Startseite\",\"item\":\"https:\\\/\\\/grelli.ch\\\/\"},{\"@type\":\"ListItem\",\"position\":2,\"name\":\"\u00dcber mich\"}]},{\"@type\":\"WebSite\",\"@id\":\"https:\\\/\\\/grelli.ch\\\/#website\",\"url\":\"https:\\\/\\\/grelli.ch\\\/\",\"name\":\"Praxis Grelli\",\"description\":\"Naturheilkunde \u00b0 Kr\u00e4uterzauber und Zauberkr\u00e4uter \u00b0 Feinstoffliche und energetische Arbeit\",\"publisher\":{\"@id\":\"https:\\\/\\\/grelli.ch\\\/#organization\"},\"potentialAction\":[{\"@type\":\"SearchAction\",\"target\":{\"@type\":\"EntryPoint\",\"urlTemplate\":\"https:\\\/\\\/grelli.ch\\\/?s={search_term_string}\"},\"query-input\":{\"@type\":\"PropertyValueSpecification\",\"valueRequired\":true,\"valueName\":\"search_term_string\"}}],\"inLanguage\":\"de\"},{\"@type\":\"Organization\",\"@id\":\"https:\\\/\\\/grelli.ch\\\/#organization\",\"name\":\"Praxis Grelli\",\"url\":\"https:\\\/\\\/grelli.ch\\\/\",\"logo\":{\"@type\":\"ImageObject\",\"inLanguage\":\"de\",\"@id\":\"https:\\\/\\\/grelli.ch\\\/#\\\/schema\\\/logo\\\/image\\\/\",\"url\":\"https:\\\/\\\/grelli.ch\\\/wp-content\\\/uploads\\\/2019\\\/07\\\/cropped-IMG_6706.jpg\",\"contentUrl\":\"https:\\\/\\\/grelli.ch\\\/wp-content\\\/uploads\\\/2019\\\/07\\\/cropped-IMG_6706.jpg\",\"width\":2000,\"height\":1199,\"caption\":\"Praxis Grelli\"},\"image\":{\"@id\":\"https:\\\/\\\/grelli.ch\\\/#\\\/schema\\\/logo\\\/image\\\/\"},\"sameAs\":[\"https:\\\/\\\/www.facebook.com\\\/grelli.ch\"]}]}<\/script>\n<!-- \/ Yoast SEO plugin. -->","yoast_head_json":{"title":"\u00dcber mich - Eleonora Grelli - Mein spannender Weg zur Naturheilpraktikerin","description":"Mein spannendenr Weg zur Naturheilpraktikerin in der Fachrichtung Traditionelle Europ\u00e4ische Naturheilkunde","robots":{"index":"index","follow":"follow","max-snippet":"max-snippet:-1","max-image-preview":"max-image-preview:large","max-video-preview":"max-video-preview:-1"},"canonical":"https:\/\/grelli.ch\/index.php\/achtsame-interessierte-zuhorerin-vollste-aufmerksamkeit-im-hier-und-jetzt\/","og_locale":"de_DE","og_type":"article","og_title":"\u00dcber mich - Eleonora Grelli - Mein spannender Weg zur Naturheilpraktikerin","og_description":"Mein spannendenr Weg zur Naturheilpraktikerin in der Fachrichtung Traditionelle Europ\u00e4ische Naturheilkunde","og_url":"https:\/\/grelli.ch\/index.php\/achtsame-interessierte-zuhorerin-vollste-aufmerksamkeit-im-hier-und-jetzt\/","og_site_name":"Eleonora Grelli","article_publisher":"https:\/\/www.facebook.com\/grelli.ch","article_modified_time":"2024-10-03T10:07:43+00:00","og_image":[{"url":"https:\/\/grelli.ch\/wp-content\/uploads\/2024\/06\/1176A981-3CC8-4470-8FAE-E6F9A69F8DF7_1_105_c.jpeg","type":"","width":"","height":""}],"twitter_misc":{"Gesch\u00e4tzte Lesezeit":"1\u00a0Minute"},"schema":{"@context":"https:\/\/schema.org","@graph":[{"@type":"WebPage","@id":"https:\/\/grelli.ch\/index.php\/achtsame-interessierte-zuhorerin-vollste-aufmerksamkeit-im-hier-und-jetzt\/","url":"https:\/\/grelli.ch\/index.php\/achtsame-interessierte-zuhorerin-vollste-aufmerksamkeit-im-hier-und-jetzt\/","name":"\u00dcber mich - Eleonora Grelli - Mein spannender Weg zur Naturheilpraktikerin","isPartOf":{"@id":"https:\/\/grelli.ch\/#website"},"primaryImageOfPage":{"@id":"https:\/\/grelli.ch\/index.php\/achtsame-interessierte-zuhorerin-vollste-aufmerksamkeit-im-hier-und-jetzt\/#primaryimage"},"image":{"@id":"https:\/\/grelli.ch\/index.php\/achtsame-interessierte-zuhorerin-vollste-aufmerksamkeit-im-hier-und-jetzt\/#primaryimage"},"thumbnailUrl":"https:\/\/grelli.ch\/wp-content\/uploads\/2024\/06\/1176A981-3CC8-4470-8FAE-E6F9A69F8DF7_1_105_c.jpeg","datePublished":"2019-07-23T10:33:21+00:00","dateModified":"2024-10-03T10:07:43+00:00","description":"Mein spannendenr Weg zur Naturheilpraktikerin in der Fachrichtung Traditionelle Europ\u00e4ische Naturheilkunde","breadcrumb":{"@id":"https:\/\/grelli.ch\/index.php\/achtsame-interessierte-zuhorerin-vollste-aufmerksamkeit-im-hier-und-jetzt\/#breadcrumb"},"inLanguage":"de","potentialAction":[{"@type":"ReadAction","target":["https:\/\/grelli.ch\/index.php\/achtsame-interessierte-zuhorerin-vollste-aufmerksamkeit-im-hier-und-jetzt\/"]}]},{"@type":"ImageObject","inLanguage":"de","@id":"https:\/\/grelli.ch\/index.php\/achtsame-interessierte-zuhorerin-vollste-aufmerksamkeit-im-hier-und-jetzt\/#primaryimage","url":"https:\/\/grelli.ch\/wp-content\/uploads\/2024\/06\/1176A981-3CC8-4470-8FAE-E6F9A69F8DF7_1_105_c.jpeg","contentUrl":"https:\/\/grelli.ch\/wp-content\/uploads\/2024\/06\/1176A981-3CC8-4470-8FAE-E6F9A69F8DF7_1_105_c.jpeg","width":665,"height":1182,"caption":"{\"data\":{\"product\":\"tiktok\"}}"},{"@type":"BreadcrumbList","@id":"https:\/\/grelli.ch\/index.php\/achtsame-interessierte-zuhorerin-vollste-aufmerksamkeit-im-hier-und-jetzt\/#breadcrumb","itemListElement":[{"@type":"ListItem","position":1,"name":"Startseite","item":"https:\/\/grelli.ch\/"},{"@type":"ListItem","position":2,"name":"\u00dcber mich"}]},{"@type":"WebSite","@id":"https:\/\/grelli.ch\/#website","url":"https:\/\/grelli.ch\/","name":"Praxis Grelli","description":"Naturheilkunde \u00b0 Kr\u00e4uterzauber und Zauberkr\u00e4uter \u00b0 Feinstoffliche und energetische Arbeit","publisher":{"@id":"https:\/\/grelli.ch\/#organization"},"potentialAction":[{"@type":"SearchAction","target":{"@type":"EntryPoint","urlTemplate":"https:\/\/grelli.ch\/?s={search_term_string}"},"query-input":{"@type":"PropertyValueSpecification","valueRequired":true,"valueName":"search_term_string"}}],"inLanguage":"de"},{"@type":"Organization","@id":"https:\/\/grelli.ch\/#organization","name":"Praxis Grelli","url":"https:\/\/grelli.ch\/","logo":{"@type":"ImageObject","inLanguage":"de","@id":"https:\/\/grelli.ch\/#\/schema\/logo\/image\/","url":"https:\/\/grelli.ch\/wp-content\/uploads\/2019\/07\/cropped-IMG_6706.jpg","contentUrl":"https:\/\/grelli.ch\/wp-content\/uploads\/2019\/07\/cropped-IMG_6706.jpg","width":2000,"height":1199,"caption":"Praxis Grelli"},"image":{"@id":"https:\/\/grelli.ch\/#\/schema\/logo\/image\/"},"sameAs":["https:\/\/www.facebook.com\/grelli.ch"]}]}},"_links":{"self":[{"href":"https:\/\/grelli.ch\/index.php\/wp-json\/wp\/v2\/pages\/2","targetHints":{"allow":["GET"]}}],"collection":[{"href":"https:\/\/grelli.ch\/index.php\/wp-json\/wp\/v2\/pages"}],"about":[{"href":"https:\/\/grelli.ch\/index.php\/wp-json\/wp\/v2\/types\/page"}],"author":[{"embeddable":true,"href":"https:\/\/grelli.ch\/index.php\/wp-json\/wp\/v2\/users\/1"}],"replies":[{"embeddable":true,"href":"https:\/\/grelli.ch\/index.php\/wp-json\/wp\/v2\/comments?post=2"}],"version-history":[{"count":41,"href":"https:\/\/grelli.ch\/index.php\/wp-json\/wp\/v2\/pages\/2\/revisions"}],"predecessor-version":[{"id":1220,"href":"https:\/\/grelli.ch\/index.php\/wp-json\/wp\/v2\/pages\/2\/revisions\/1220"}],"wp:attachment":[{"href":"https:\/\/grelli.ch\/index.php\/wp-json\/wp\/v2\/media?parent=2"}],"curies":[{"name":"wp","href":"https:\/\/api.w.org\/{rel}","templated":true}]}}