{"id":298,"date":"2020-08-07T09:46:02","date_gmt":"2020-08-07T07:46:02","guid":{"rendered":"https:\/\/grelli.ch\/?page_id=298"},"modified":"2023-01-14T13:21:40","modified_gmt":"2023-01-14T12:21:40","slug":"schade","status":"publish","type":"page","link":"https:\/\/grelli.ch\/index.php\/schade\/","title":{"rendered":"Auf Wiedersehen"},"content":{"rendered":"\n<p>Sie haben sich f\u00fcr meinen Newsletter abgemeldet. <\/p>\n\n\n\n<p>Ich w\u00fcnsche Ihnen Xundheit, Lebensfreude und alles Gute auf Ihrem weiteren Lebensweg.<\/p>\n\n\n\n<p>Herzlich,<\/p>\n\n\n\n<p>Eleonora Grelli<\/p>\n\n\n\n<p><\/p>\n\n\n\n<p>Haben Sie sich versehentlich abgemeldet? Dann k\u00f6nnen Sie sich hier erneut anmelden: Der Link zur Abonnement-Verwaltungs-Seite ist nur f\u00fcr Abonnenten einer Mailingliste verf\u00fcgbar.. Auf bald&#8230;<\/p>\n","protected":false},"excerpt":{"rendered":"<p>Sie haben sich f\u00fcr meinen Newsletter abgemeldet. Ich w\u00fcnsche Ihnen Xundheit, Lebensfreude und alles Gute auf Ihrem weiteren Lebensweg. Herzlich, Eleonora Grelli Haben Sie sich versehentlich abgemeldet? Dann k\u00f6nnen Sie sich hier erneut anmelden: . Auf bald&#8230;<\/p>\n","protected":false},"author":1,"featured_media":0,"parent":0,"menu_order":0,"comment_status":"closed","ping_status":"closed","template":"","meta":{"footnotes":""},"class_list":["post-298","page","type-page","status-publish","hentry"],"yoast_head":"<!-- This site is optimized with the Yoast SEO plugin v27.4 - https:\/\/yoast.com\/product\/yoast-seo-wordpress\/ -->\n<title>Auf Wiedersehen - Eleonora Grelli<\/title>\n<meta name=\"robots\" content=\"index, follow, max-snippet:-1, max-image-preview:large, max-video-preview:-1\" \/>\n<link rel=\"canonical\" href=\"https:\/\/grelli.ch\/index.php\/schade\/\" \/>\n<meta property=\"og:locale\" content=\"de_DE\" \/>\n<meta property=\"og:type\" content=\"article\" \/>\n<meta property=\"og:title\" content=\"Auf Wiedersehen - Eleonora Grelli\" \/>\n<meta property=\"og:description\" content=\"Sie haben sich f\u00fcr meinen Newsletter abgemeldet. Ich w\u00fcnsche Ihnen Xundheit, Lebensfreude und alles Gute auf Ihrem weiteren Lebensweg. Herzlich, Eleonora Grelli Haben Sie sich versehentlich abgemeldet? Dann k\u00f6nnen Sie sich hier erneut anmelden: . Auf bald&#8230;\" \/>\n<meta property=\"og:url\" content=\"https:\/\/grelli.ch\/index.php\/schade\/\" \/>\n<meta property=\"og:site_name\" content=\"Eleonora Grelli\" \/>\n<meta property=\"article:publisher\" content=\"https:\/\/www.facebook.com\/grelli.ch\" \/>\n<meta property=\"article:modified_time\" content=\"2023-01-14T12:21:40+00:00\" \/>\n<script type=\"application\/ld+json\" class=\"yoast-schema-graph\">{\"@context\":\"https:\\\/\\\/schema.org\",\"@graph\":[{\"@type\":\"WebPage\",\"@id\":\"https:\\\/\\\/grelli.ch\\\/index.php\\\/schade\\\/\",\"url\":\"https:\\\/\\\/grelli.ch\\\/index.php\\\/schade\\\/\",\"name\":\"Auf Wiedersehen - Eleonora Grelli\",\"isPartOf\":{\"@id\":\"https:\\\/\\\/grelli.ch\\\/#website\"},\"datePublished\":\"2020-08-07T07:46:02+00:00\",\"dateModified\":\"2023-01-14T12:21:40+00:00\",\"breadcrumb\":{\"@id\":\"https:\\\/\\\/grelli.ch\\\/index.php\\\/schade\\\/#breadcrumb\"},\"inLanguage\":\"de\",\"potentialAction\":[{\"@type\":\"ReadAction\",\"target\":[\"https:\\\/\\\/grelli.ch\\\/index.php\\\/schade\\\/\"]}]},{\"@type\":\"BreadcrumbList\",\"@id\":\"https:\\\/\\\/grelli.ch\\\/index.php\\\/schade\\\/#breadcrumb\",\"itemListElement\":[{\"@type\":\"ListItem\",\"position\":1,\"name\":\"Startseite\",\"item\":\"https:\\\/\\\/grelli.ch\\\/\"},{\"@type\":\"ListItem\",\"position\":2,\"name\":\"Auf Wiedersehen\"}]},{\"@type\":\"WebSite\",\"@id\":\"https:\\\/\\\/grelli.ch\\\/#website\",\"url\":\"https:\\\/\\\/grelli.ch\\\/\",\"name\":\"Praxis Grelli\",\"description\":\"Naturheilkunde \u00b0 Kr\u00e4uterzauber und Zauberkr\u00e4uter \u00b0 Feinstoffliche und energetische Arbeit\",\"publisher\":{\"@id\":\"https:\\\/\\\/grelli.ch\\\/#organization\"},\"potentialAction\":[{\"@type\":\"SearchAction\",\"target\":{\"@type\":\"EntryPoint\",\"urlTemplate\":\"https:\\\/\\\/grelli.ch\\\/?s={search_term_string}\"},\"query-input\":{\"@type\":\"PropertyValueSpecification\",\"valueRequired\":true,\"valueName\":\"search_term_string\"}}],\"inLanguage\":\"de\"},{\"@type\":\"Organization\",\"@id\":\"https:\\\/\\\/grelli.ch\\\/#organization\",\"name\":\"Praxis Grelli\",\"url\":\"https:\\\/\\\/grelli.ch\\\/\",\"logo\":{\"@type\":\"ImageObject\",\"inLanguage\":\"de\",\"@id\":\"https:\\\/\\\/grelli.ch\\\/#\\\/schema\\\/logo\\\/image\\\/\",\"url\":\"https:\\\/\\\/grelli.ch\\\/wp-content\\\/uploads\\\/2019\\\/07\\\/cropped-IMG_6706.jpg\",\"contentUrl\":\"https:\\\/\\\/grelli.ch\\\/wp-content\\\/uploads\\\/2019\\\/07\\\/cropped-IMG_6706.jpg\",\"width\":2000,\"height\":1199,\"caption\":\"Praxis Grelli\"},\"image\":{\"@id\":\"https:\\\/\\\/grelli.ch\\\/#\\\/schema\\\/logo\\\/image\\\/\"},\"sameAs\":[\"https:\\\/\\\/www.facebook.com\\\/grelli.ch\"]}]}<\/script>\n<!-- \/ Yoast SEO plugin. -->","yoast_head_json":{"title":"Auf Wiedersehen - Eleonora Grelli","robots":{"index":"index","follow":"follow","max-snippet":"max-snippet:-1","max-image-preview":"max-image-preview:large","max-video-preview":"max-video-preview:-1"},"canonical":"https:\/\/grelli.ch\/index.php\/schade\/","og_locale":"de_DE","og_type":"article","og_title":"Auf Wiedersehen - Eleonora Grelli","og_description":"Sie haben sich f\u00fcr meinen Newsletter abgemeldet. Ich w\u00fcnsche Ihnen Xundheit, Lebensfreude und alles Gute auf Ihrem weiteren Lebensweg. Herzlich, Eleonora Grelli Haben Sie sich versehentlich abgemeldet? Dann k\u00f6nnen Sie sich hier erneut anmelden: . Auf bald&#8230;","og_url":"https:\/\/grelli.ch\/index.php\/schade\/","og_site_name":"Eleonora Grelli","article_publisher":"https:\/\/www.facebook.com\/grelli.ch","article_modified_time":"2023-01-14T12:21:40+00:00","schema":{"@context":"https:\/\/schema.org","@graph":[{"@type":"WebPage","@id":"https:\/\/grelli.ch\/index.php\/schade\/","url":"https:\/\/grelli.ch\/index.php\/schade\/","name":"Auf Wiedersehen - Eleonora Grelli","isPartOf":{"@id":"https:\/\/grelli.ch\/#website"},"datePublished":"2020-08-07T07:46:02+00:00","dateModified":"2023-01-14T12:21:40+00:00","breadcrumb":{"@id":"https:\/\/grelli.ch\/index.php\/schade\/#breadcrumb"},"inLanguage":"de","potentialAction":[{"@type":"ReadAction","target":["https:\/\/grelli.ch\/index.php\/schade\/"]}]},{"@type":"BreadcrumbList","@id":"https:\/\/grelli.ch\/index.php\/schade\/#breadcrumb","itemListElement":[{"@type":"ListItem","position":1,"name":"Startseite","item":"https:\/\/grelli.ch\/"},{"@type":"ListItem","position":2,"name":"Auf Wiedersehen"}]},{"@type":"WebSite","@id":"https:\/\/grelli.ch\/#website","url":"https:\/\/grelli.ch\/","name":"Praxis Grelli","description":"Naturheilkunde \u00b0 Kr\u00e4uterzauber und Zauberkr\u00e4uter \u00b0 Feinstoffliche und energetische Arbeit","publisher":{"@id":"https:\/\/grelli.ch\/#organization"},"potentialAction":[{"@type":"SearchAction","target":{"@type":"EntryPoint","urlTemplate":"https:\/\/grelli.ch\/?s={search_term_string}"},"query-input":{"@type":"PropertyValueSpecification","valueRequired":true,"valueName":"search_term_string"}}],"inLanguage":"de"},{"@type":"Organization","@id":"https:\/\/grelli.ch\/#organization","name":"Praxis Grelli","url":"https:\/\/grelli.ch\/","logo":{"@type":"ImageObject","inLanguage":"de","@id":"https:\/\/grelli.ch\/#\/schema\/logo\/image\/","url":"https:\/\/grelli.ch\/wp-content\/uploads\/2019\/07\/cropped-IMG_6706.jpg","contentUrl":"https:\/\/grelli.ch\/wp-content\/uploads\/2019\/07\/cropped-IMG_6706.jpg","width":2000,"height":1199,"caption":"Praxis Grelli"},"image":{"@id":"https:\/\/grelli.ch\/#\/schema\/logo\/image\/"},"sameAs":["https:\/\/www.facebook.com\/grelli.ch"]}]}},"_links":{"self":[{"href":"https:\/\/grelli.ch\/index.php\/wp-json\/wp\/v2\/pages\/298","targetHints":{"allow":["GET"]}}],"collection":[{"href":"https:\/\/grelli.ch\/index.php\/wp-json\/wp\/v2\/pages"}],"about":[{"href":"https:\/\/grelli.ch\/index.php\/wp-json\/wp\/v2\/types\/page"}],"author":[{"embeddable":true,"href":"https:\/\/grelli.ch\/index.php\/wp-json\/wp\/v2\/users\/1"}],"replies":[{"embeddable":true,"href":"https:\/\/grelli.ch\/index.php\/wp-json\/wp\/v2\/comments?post=298"}],"version-history":[{"count":7,"href":"https:\/\/grelli.ch\/index.php\/wp-json\/wp\/v2\/pages\/298\/revisions"}],"predecessor-version":[{"id":912,"href":"https:\/\/grelli.ch\/index.php\/wp-json\/wp\/v2\/pages\/298\/revisions\/912"}],"wp:attachment":[{"href":"https:\/\/grelli.ch\/index.php\/wp-json\/wp\/v2\/media?parent=298"}],"curies":[{"name":"wp","href":"https:\/\/api.w.org\/{rel}","templated":true}]}}